{"id":3,"date":"2024-01-28T13:27:38","date_gmt":"2024-01-28T12:27:38","guid":{"rendered":"https:\/\/www.kanotcenter.se\/?page_id=3"},"modified":"2025-09-29T12:00:57","modified_gmt":"2025-09-29T10:00:57","slug":"integritetspolicy","status":"publish","type":"page","link":"https:\/\/www.kanotcenter.se\/en\/integritetspolicy\/","title":{"rendered":"Integritetspolicy"},"content":{"rendered":"<h2 class=\"wp-block-heading\">Vilka vi \u00e4r<\/h2>\n\n\n\n<p>V\u00e5r webbplatsadress \u00e4r: <a href=\"https:\/\/www.kanotcenter.se\/en\/\">https:\/\/www.kanotcenter.se<\/a>.<\/p>\n\n\n\n<h2 class=\"wp-block-heading\">Vilka personuppgifter vi samlar in<\/h2>\n\n\n\n<p>Vi samlar endast in personuppgifter som du sj\u00e4lv l\u00e4mnar till oss, till exempel n\u00e4r du:<\/p>\n\n\n\n<ul class=\"wp-block-list\">\n<li>Kontaktar oss via e-post eller telefon<\/li>\n\n\n\n<li>G\u00f6r en bokning eller en f\u00f6rfr\u00e5gan.<\/li>\n<\/ul>\n\n\n\n<p>De uppgifter som kan sparas \u00e4r namn, e-postadress, telefonnummer samt information kopplad till din bokning.<\/p>\n\n\n\n<h2 class=\"wp-block-heading\">Cookies<\/h2>\n\n\n\n<p>Vi anv\u00e4nder cookies p\u00e5 v\u00e5r webbplats f\u00f6r att sidan ska fungera p\u00e5 b\u00e4sta s\u00e4tt och f\u00f6r att kunna analysera trafik. Du kan v\u00e4lja vilka cookies du accepterar via v\u00e5r cookie-banner. L\u00e4s mer i v\u00e5r <a>cookiepolicy<\/a>.<\/p>\n\n\n\n<h2 class=\"wp-block-heading\">Varf\u00f6r vi samlar in uppgifter<\/h2>\n\n\n\n<p>Vi anv\u00e4nder dina uppgifter f\u00f6r att kunna:<\/p>\n\n\n\n<ul class=\"wp-block-list\">\n<li>F\u00f6rb\u00e4ttra v\u00e5ra tj\u00e4nster och v\u00e5r webbplats.<\/li>\n<\/ul>\n\n\n\n<ul class=\"wp-block-list\">\n<li>Hantera bokningar och f\u00f6rfr\u00e5gningar.<\/li>\n<\/ul>\n\n\n\n<ul class=\"wp-block-list\">\n<li>Kommunicera med dig om v\u00e5ra tj\u00e4nster.<\/li>\n<\/ul>\n\n\n\n<h2 class=\"wp-block-heading\">Hur l\u00e4nge vi sparar uppgifter<\/h2>\n\n\n\n<p>Vi sparar personuppgifter s\u00e5 l\u00e4nge det \u00e4r n\u00f6dv\u00e4ndigt f\u00f6r att uppfylla syftet med insamlingen, t.ex. f\u00f6r att kunna hantera bokningar eller svara p\u00e5 fr\u00e5gor.<\/p>\n\n\n\n<h2 class=\"wp-block-heading\">Dina r\u00e4ttigheter<\/h2>\n\n\n\n<p>Du har r\u00e4tt att beg\u00e4ra utdrag av de personuppgifter vi har om dig samt beg\u00e4ra att vi r\u00e4ttar eller raderar uppgifter. Kontakta oss p\u00e5 <a>info@skebocanoe.se<\/a> om du vill utnyttja dina r\u00e4ttigheter.<\/p>\n\n\n\n<h2 class=\"wp-block-heading\">Kontaktuppgifter<\/h2>\n\n\n\n<p>Skebokvarn Canoe Center<br><a href=\"https:\/\/www.kanotcenter.se\/en\/\">www.kanotcenter.se<\/a><br>E-post: <a>info@skebocanoe.se<\/a><\/p>","protected":false},"excerpt":{"rendered":"<p>Vilka vi \u00e4r V\u00e5r webbplatsadress \u00e4r: https:\/\/www.kanotcenter.se. Vilka personuppgifter vi samlar in Vi samlar endast in personuppgifter som du sj\u00e4lv l\u00e4mnar till oss, till exempel n\u00e4r du: De uppgifter som kan sparas \u00e4r namn, e-postadress, telefonnummer samt information kopplad till din bokning. Cookies Vi anv\u00e4nder cookies p\u00e5 v\u00e5r webbplats f\u00f6r att sidan ska fungera p\u00e5 b\u00e4sta s\u00e4tt och f\u00f6r att &#8230; <\/p>\n<div><a href=\"https:\/\/www.kanotcenter.se\/en\/integritetspolicy\/\" class=\"more-link\">Read More<\/a><\/div>","protected":false},"author":1,"featured_media":0,"parent":0,"menu_order":0,"comment_status":"closed","ping_status":"open","template":"","meta":{"footnotes":""},"class_list":["post-3","page","type-page","status-publish","hentry","no-post-thumbnail"],"_links":{"self":[{"href":"https:\/\/www.kanotcenter.se\/en\/wp-json\/wp\/v2\/pages\/3","targetHints":{"allow":["GET"]}}],"collection":[{"href":"https:\/\/www.kanotcenter.se\/en\/wp-json\/wp\/v2\/pages"}],"about":[{"href":"https:\/\/www.kanotcenter.se\/en\/wp-json\/wp\/v2\/types\/page"}],"author":[{"embeddable":true,"href":"https:\/\/www.kanotcenter.se\/en\/wp-json\/wp\/v2\/users\/1"}],"replies":[{"embeddable":true,"href":"https:\/\/www.kanotcenter.se\/en\/wp-json\/wp\/v2\/comments?post=3"}],"version-history":[{"count":2,"href":"https:\/\/www.kanotcenter.se\/en\/wp-json\/wp\/v2\/pages\/3\/revisions"}],"predecessor-version":[{"id":1420,"href":"https:\/\/www.kanotcenter.se\/en\/wp-json\/wp\/v2\/pages\/3\/revisions\/1420"}],"wp:attachment":[{"href":"https:\/\/www.kanotcenter.se\/en\/wp-json\/wp\/v2\/media?parent=3"}],"curies":[{"name":"wp","href":"https:\/\/api.w.org\/{rel}","templated":true}]}}